{"id":5,"date":"2019-12-14T17:10:51","date_gmt":"2019-12-14T17:10:51","guid":{"rendered":"https:\/\/poterie-aisne.fr\/?page_id=5"},"modified":"2023-12-19T17:05:15","modified_gmt":"2023-12-19T16:05:15","slug":"cours-de-poterie-a-nesles","status":"publish","type":"page","link":"https:\/\/poterie-aisne.fr\/?page_id=5","title":{"rendered":"Cours de poterie \u00e0 Nesles"},"content":{"rendered":"\n<h1 class=\"wp-block-heading\">Cours de c\u00e9ramique<\/h1>\n\n\n\n<p> L&rsquo;atelier&nbsp;<strong><em>Terre et Encre<\/em><\/strong>&nbsp;propose des cours de&nbsp;<strong>poterie<\/strong> \u00e0 <a rel=\"noreferrer noopener\" aria-label=\"Seringes-et-Nesles (s\u2019ouvre dans un nouvel onglet)\" href=\"https:\/\/goo.gl\/maps\/3ptcyv6duBkG2KEB6\" target=\"_blank\">Seringes-et-Nesles<\/a>. Les cours sont dirig\u00e9s par Shu-Chuan CHEN, professeur dipl\u00f4m\u00e9e de l&rsquo;\u00e9cole Sup\u00e9rieure des Beaux Arts de Ta\u00efpei (Taiwan) et de l&rsquo;\u00e9cole Sup\u00e9rieure des Beaux Arts de Paris.<br><\/p>\n\n\n\n<p>Les pi\u00e8ces sont r\u00e9alis\u00e9es en c\u00e9ramique de gr\u00e8s, ce qui est peu connu en France, car nous utilisons plus g\u00e9n\u00e9ralement la&nbsp;<em>fa\u00efence<\/em>.<br>Cette derni\u00e8re est constitu\u00e9e d&rsquo;argile rouge commune, recouverte d&rsquo;une gla\u00e7ure (ou \u00e9mail) \u00e0 base d&rsquo;\u00e9tain, et cuite \u00e0 une temp\u00e9rature de 850 \u00e0 1000\u00b0C pendant environ 8 heures.<br><\/p>\n\n\n\n<p>La&nbsp;<strong>c\u00e9ramique<\/strong>, elle, utilise des terres de&nbsp;<strong>gr\u00e8s<\/strong>, qui sont des argiles secondaires ou s\u00e9dimentaires, plastiques et \u00e0 forte teneur en silice dont la vitrification s\u2019effectue entre 1200\u00b0C et 1300\u00b0C.<br>Ses \u00e9l\u00e9ments chromatiques, en \u00e9mail, sont entre autres constitu\u00e9s de subtils m\u00e9langes d&rsquo;oxydes de m\u00e9taux. Une toute petite diff\u00e9rence de dosage, de temp\u00e9rature ou de temps de cuisson donnera des r\u00e9sultats parfois tr\u00e8s diff\u00e9rents.<br>Les mat\u00e9riaux et techniques utilis\u00e9s, ainsi que la cuisson \u00e0 haute temp\u00e9rature, en font un art beaucoup plus difficile \u00e0 produire en s\u00e9ries identiques ; le ma\u00eetriser est un travail de toute une vie.<\/p>\n\n\n\n<p><\/p>\n","protected":false},"excerpt":{"rendered":"<p>Cours de c\u00e9ramique L&rsquo;atelier&nbsp;Terre et Encre&nbsp;propose des cours de&nbsp;poterie \u00e0 Seringes-et-Nesles. Les cours sont dirig\u00e9s par Shu-Chuan CHEN, professeur dipl\u00f4m\u00e9e de l&rsquo;\u00e9cole Sup\u00e9rieure des Beaux Arts de Ta\u00efpei (Taiwan) et de l&rsquo;\u00e9cole Sup\u00e9rieure des Beaux Arts de Paris. Les pi\u00e8ces sont r\u00e9alis\u00e9es en c\u00e9ramique de gr\u00e8s, ce qui est peu connu en France, car nous &hellip; <\/p>\n<p class=\"link-more\"><a href=\"https:\/\/poterie-aisne.fr\/?page_id=5\" class=\"more-link\">Continuer la lecture<span class=\"screen-reader-text\"> de &laquo;&nbsp;Cours de poterie \u00e0 Nesles&nbsp;&raquo;<\/span><\/a><\/p>\n","protected":false},"author":1,"featured_media":0,"parent":0,"menu_order":0,"comment_status":"closed","ping_status":"open","template":"","meta":{"footnotes":""},"class_list":["post-5","page","type-page","status-publish","hentry"],"yoast_head":"<!-- This site is optimized with the Yoast SEO plugin v15.3 - https:\/\/yoast.com\/wordpress\/plugins\/seo\/ -->\n<title>Cours de poterie \u00e0 Nesles - Atelier terre et encre<\/title>\n<meta name=\"robots\" content=\"index, follow, max-snippet:-1, max-image-preview:large, max-video-preview:-1\" \/>\n<link rel=\"canonical\" href=\"https:\/\/poterie-aisne.fr\/?page_id=5\" \/>\n<meta property=\"og:locale\" content=\"fr_FR\" \/>\n<meta property=\"og:type\" content=\"article\" \/>\n<meta property=\"og:title\" content=\"Cours de poterie \u00e0 Nesles - Atelier terre et encre\" \/>\n<meta property=\"og:description\" content=\"Cours de c\u00e9ramique L&rsquo;atelier&nbsp;Terre et Encre&nbsp;propose des cours de&nbsp;poterie \u00e0 Seringes-et-Nesles. Les cours sont dirig\u00e9s par Shu-Chuan CHEN, professeur dipl\u00f4m\u00e9e de l&rsquo;\u00e9cole Sup\u00e9rieure des Beaux Arts de Ta\u00efpei (Taiwan) et de l&rsquo;\u00e9cole Sup\u00e9rieure des Beaux Arts de Paris. Les pi\u00e8ces sont r\u00e9alis\u00e9es en c\u00e9ramique de gr\u00e8s, ce qui est peu connu en France, car nous &hellip; Continuer la lecture de &laquo;&nbsp;Cours de poterie \u00e0 Nesles&nbsp;&raquo;\" \/>\n<meta property=\"og:url\" content=\"https:\/\/poterie-aisne.fr\/?page_id=5\" \/>\n<meta property=\"og:site_name\" content=\"Atelier terre et encre\" \/>\n<meta property=\"article:publisher\" content=\"https:\/\/www.facebook.com\/terreencre\/\" \/>\n<meta property=\"article:modified_time\" content=\"2023-12-19T16:05:15+00:00\" \/>\n<meta name=\"twitter:card\" content=\"summary_large_image\" \/>\n<meta name=\"twitter:label1\" content=\"\u00c9crit par\">\n\t<meta name=\"twitter:data1\" content=\"r0dy\">\n\t<meta name=\"twitter:label2\" content=\"Dur\u00e9e de lecture est.\">\n\t<meta name=\"twitter:data2\" content=\"1 minute\">\n<script type=\"application\/ld+json\" class=\"yoast-schema-graph\">{\"@context\":\"https:\/\/schema.org\",\"@graph\":[{\"@type\":\"Organization\",\"@id\":\"https:\/\/poterie-aisne.fr\/#organization\",\"name\":\"Atelier terre et encre\",\"url\":\"https:\/\/poterie-aisne.fr\/\",\"sameAs\":[\"https:\/\/www.facebook.com\/terreencre\/\"],\"logo\":{\"@type\":\"ImageObject\",\"@id\":\"https:\/\/poterie-aisne.fr\/#logo\",\"inLanguage\":\"fr-FR\",\"url\":\"https:\/\/poterie-aisne.fr\/wp-content\/uploads\/2019\/12\/fond-contact3.jpg\",\"width\":800,\"height\":520,\"caption\":\"Atelier terre et encre\"},\"image\":{\"@id\":\"https:\/\/poterie-aisne.fr\/#logo\"}},{\"@type\":\"WebSite\",\"@id\":\"https:\/\/poterie-aisne.fr\/#website\",\"url\":\"https:\/\/poterie-aisne.fr\/\",\"name\":\"Atelier terre et encre\",\"description\":\"Cours de poterie, calligraphie et peinture chinoise \\u00e0 Seringes et Nesles\",\"publisher\":{\"@id\":\"https:\/\/poterie-aisne.fr\/#organization\"},\"potentialAction\":[{\"@type\":\"SearchAction\",\"target\":\"https:\/\/poterie-aisne.fr\/?s={search_term_string}\",\"query-input\":\"required name=search_term_string\"}],\"inLanguage\":\"fr-FR\"},{\"@type\":\"WebPage\",\"@id\":\"https:\/\/poterie-aisne.fr\/?page_id=5#webpage\",\"url\":\"https:\/\/poterie-aisne.fr\/?page_id=5\",\"name\":\"Cours de poterie \\u00e0 Nesles - Atelier terre et encre\",\"isPartOf\":{\"@id\":\"https:\/\/poterie-aisne.fr\/#website\"},\"datePublished\":\"2019-12-14T17:10:51+00:00\",\"dateModified\":\"2023-12-19T16:05:15+00:00\",\"inLanguage\":\"fr-FR\",\"potentialAction\":[{\"@type\":\"ReadAction\",\"target\":[\"https:\/\/poterie-aisne.fr\/?page_id=5\"]}]}]}<\/script>\n<!-- \/ Yoast SEO plugin. -->","_links":{"self":[{"href":"https:\/\/poterie-aisne.fr\/index.php?rest_route=\/wp\/v2\/pages\/5","targetHints":{"allow":["GET"]}}],"collection":[{"href":"https:\/\/poterie-aisne.fr\/index.php?rest_route=\/wp\/v2\/pages"}],"about":[{"href":"https:\/\/poterie-aisne.fr\/index.php?rest_route=\/wp\/v2\/types\/page"}],"author":[{"embeddable":true,"href":"https:\/\/poterie-aisne.fr\/index.php?rest_route=\/wp\/v2\/users\/1"}],"replies":[{"embeddable":true,"href":"https:\/\/poterie-aisne.fr\/index.php?rest_route=%2Fwp%2Fv2%2Fcomments&post=5"}],"version-history":[{"count":7,"href":"https:\/\/poterie-aisne.fr\/index.php?rest_route=\/wp\/v2\/pages\/5\/revisions"}],"predecessor-version":[{"id":82,"href":"https:\/\/poterie-aisne.fr\/index.php?rest_route=\/wp\/v2\/pages\/5\/revisions\/82"}],"wp:attachment":[{"href":"https:\/\/poterie-aisne.fr\/index.php?rest_route=%2Fwp%2Fv2%2Fmedia&parent=5"}],"curies":[{"name":"wp","href":"https:\/\/api.w.org\/{rel}","templated":true}]}}